{"id":1510,"date":"2024-05-06T14:54:48","date_gmt":"2024-05-06T12:54:48","guid":{"rendered":"https:\/\/barasona.org\/?page_id=1510"},"modified":"2026-04-24T19:22:40","modified_gmt":"2026-04-24T17:22:40","slug":"home-kd","status":"publish","type":"page","link":"https:\/\/barasona.org\/","title":{"rendered":"Home kd"},"content":{"rendered":"\n<div class=\"wp-block-columns is-layout-flex wp-container-core-columns-is-layout-9d6595d7 wp-block-columns-is-layout-flex\">\n<div class=\"wp-block-column is-layout-flow wp-block-column-is-layout-flow\" style=\"flex-basis:33.33%\">\n<div class=\"wp-block-greenshift-blocks-counter gs-counterwrap gspb_counter-id-gsbp-a61242a\"><div class=\"gs-counterdiv\"><div class=\"gs-counter\" data-start=\"0\" data-end=\"25\" data-duration=\"2\">0<\/div><div class=\"gs-counterlabel\">ANIMADORES<\/div><\/div><\/div>\n<\/div>\n\n\n\n<div class=\"wp-block-column is-layout-flow wp-block-column-is-layout-flow\">\n<div class=\"wp-block-greenshift-blocks-counter gs-counterwrap gspb_counter-id-gsbp-d8eae12\"><div class=\"gs-counterdiv\"><div class=\"gs-counter\" data-start=\"0\" data-end=\"250\" data-duration=\"2\">0<\/div><div class=\"gs-counterlabel\">DESTINATARIOS<\/div><\/div><\/div>\n<\/div>\n\n\n\n<div class=\"wp-block-column is-layout-flow wp-block-column-is-layout-flow\" style=\"flex-basis:33.33%\">\n<div class=\"wp-block-greenshift-blocks-counter gs-counterwrap gspb_counter-id-gsbp-43c644b\"><div class=\"gs-counterdiv\"><div class=\"gs-counter\" data-start=\"0\" data-end=\"4\" data-duration=\"2\">0<\/div><div class=\"gs-counterlabel\">PROGRAMAS<\/div><\/div><\/div>\n<\/div>\n<\/div>\n\n\n\n<div>\n<div class=\"wp-block-media-text is-stacked-on-mobile\"><figure class=\"wp-block-media-text__media\"><img loading=\"lazy\" decoding=\"async\" width=\"600\" height=\"337\" src=\"https:\/\/barasona.org\/wp-content\/uploads\/2024\/12\/BCNT.png\" alt=\"\" class=\"wp-image-1625 size-full\" srcset=\"https:\/\/barasona.org\/wp-content\/uploads\/2024\/12\/BCNT.png 600w, https:\/\/barasona.org\/wp-content\/uploads\/2024\/12\/BCNT-300x169.png 300w\" sizes=\"auto, (max-width: 600px) 100vw, 600px\" \/><\/figure><div class=\"wp-block-media-text__content\">\n<p>Para poder hacer las inscripciones a las actividades, es necesario darse de alta en nuestra plataforma <strong><a href=\"https:\/\/confedonbosco.org\/formularios\/AJ_BARASONA\/25-26\/form2526_barasona.html\">BOSCONECTA<\/a><\/strong>.<\/p>\n\n\n\n<p>Cuando recibamos la informaci\u00f3n, os enviaremos el usuario y contrase\u00f1a.<\/p>\n<\/div><\/div>\n<\/div>\n\n\n\n<div class=\"wp-block-greenshift-blocks-container gspb_container gspb_container-gsbp-609fcff\" id=\"gspb_container-id-gsbp-609fcff\"><ul class=\"wp-block-latest-posts__list is-grid columns-3 has-dates wp-block-latest-posts\"><li><div class=\"wp-block-latest-posts__featured-image\"><img loading=\"lazy\" decoding=\"async\" width=\"150\" height=\"150\" src=\"https:\/\/barasona.org\/wp-content\/uploads\/2026\/04\/2026-campamento-150x150.jpg\" class=\"attachment-thumbnail size-thumbnail wp-post-image\" alt=\"\" style=\"\" srcset=\"https:\/\/barasona.org\/wp-content\/uploads\/2026\/04\/2026-campamento-150x150.jpg 150w, https:\/\/barasona.org\/wp-content\/uploads\/2026\/04\/2026-campamento-100x100.jpg 100w\" sizes=\"auto, (max-width: 150px) 100vw, 150px\" \/><\/div><a class=\"wp-block-latest-posts__post-title\" href=\"https:\/\/barasona.org\/?p=1681\">Colonias de verano 2026<\/a><time datetime=\"2026-04-24T19:28:37+02:00\" class=\"wp-block-latest-posts__post-date\">24 de abril de 2026<\/time><div class=\"wp-block-latest-posts__post-excerpt\">\u00a1\u00a1Ya est\u00e1n aqu\u00ed las Colonias 2026!! La experiencia del a\u00f1o pasado fue tan estupenda, que no hemos querido dejar perder este maravilloso entorno y volvemos a Salinas de Jaca. \u00bfCu\u00e1ndo y para qui\u00e9n? \u00bfQu\u00e9 hacemos en las colonias? \u00a1Qu\u00e9 dif\u00edcil es resumir todo lo que podemos hacer! Grandes juegos, gymkhanas, pruebas de orientaci\u00f3n, excursiones, ba\u00f1os&#8230; <a class=\"wp-block-latest-posts__read-more\" href=\"https:\/\/barasona.org\/?p=1681\" rel=\"noopener noreferrer\">Lee m\u00e1s<span class=\"screen-reader-text\">: Colonias de verano 2026<\/span><\/a><\/div><\/li>\n<li><div class=\"wp-block-latest-posts__featured-image\"><img loading=\"lazy\" decoding=\"async\" width=\"150\" height=\"150\" src=\"https:\/\/barasona.org\/wp-content\/uploads\/2025\/11\/CARTEL_NAVIBOSCO25-150x150.jpg\" class=\"attachment-thumbnail size-thumbnail wp-post-image\" alt=\"\" style=\"\" srcset=\"https:\/\/barasona.org\/wp-content\/uploads\/2025\/11\/CARTEL_NAVIBOSCO25-150x150.jpg 150w, https:\/\/barasona.org\/wp-content\/uploads\/2025\/11\/CARTEL_NAVIBOSCO25-100x100.jpg 100w\" sizes=\"auto, (max-width: 150px) 100vw, 150px\" \/><\/div><a class=\"wp-block-latest-posts__post-title\" href=\"https:\/\/barasona.org\/?p=1670\">NaviBosco 2025<\/a><time datetime=\"2025-11-25T13:42:23+01:00\" class=\"wp-block-latest-posts__post-date\">25 de noviembre de 2025<\/time><div class=\"wp-block-latest-posts__post-excerpt\">Como cada a\u00f1o, se espera que la gran estrella de la Navidad reparta su luz por todo el mundo. Sin embargo, este invierno, algo ha salido mal. Como consecuencia, la estrella se ha apagado, y con ella, la magia de la Navidad se ha perdido; esa magia que act\u00faa como uni\u00f3n entre personas, que hace&#8230; <a class=\"wp-block-latest-posts__read-more\" href=\"https:\/\/barasona.org\/?p=1670\" rel=\"noopener noreferrer\">Lee m\u00e1s<span class=\"screen-reader-text\">: NaviBosco 2025<\/span><\/a><\/div><\/li>\n<li><div class=\"wp-block-latest-posts__featured-image\"><img loading=\"lazy\" decoding=\"async\" width=\"150\" height=\"150\" src=\"https:\/\/barasona.org\/wp-content\/uploads\/2025\/05\/colonias2025_01-150x150.jpg\" class=\"attachment-thumbnail size-thumbnail wp-post-image\" alt=\"\" style=\"\" srcset=\"https:\/\/barasona.org\/wp-content\/uploads\/2025\/05\/colonias2025_01-150x150.jpg 150w, https:\/\/barasona.org\/wp-content\/uploads\/2025\/05\/colonias2025_01-100x100.jpg 100w\" sizes=\"auto, (max-width: 150px) 100vw, 150px\" \/><\/div><a class=\"wp-block-latest-posts__post-title\" href=\"https:\/\/barasona.org\/?p=1630\">Colonias de verano 2025<\/a><time datetime=\"2025-05-04T18:23:32+02:00\" class=\"wp-block-latest-posts__post-date\">4 de mayo de 2025<\/time><div class=\"wp-block-latest-posts__post-excerpt\">\u00a1\u00a1Ya est\u00e1n aqu\u00ed las Colonias 2025!! Este a\u00f1o, regresamos a un entorno natural, en el pre-pirineo aragon\u00e9s, nos vamos a Salinas de Jaca. \u00bfCu\u00e1ndo? \u00bfQui\u00e9nes? Desde primaria hasta bachillerato o ciclos formativos. Tenemos un plan de actividades espec\u00edfico para los diferentes bloques de edad: \u00bfQu\u00e9 hacemos en las colonias? \u00a1Qu\u00e9 dif\u00edcil es resumir todo lo&#8230; <a class=\"wp-block-latest-posts__read-more\" href=\"https:\/\/barasona.org\/?p=1630\" rel=\"noopener noreferrer\">Lee m\u00e1s<span class=\"screen-reader-text\">: Colonias de verano 2025<\/span><\/a><\/div><\/li>\n<li><div class=\"wp-block-latest-posts__featured-image\"><img loading=\"lazy\" decoding=\"async\" width=\"150\" height=\"150\" src=\"https:\/\/barasona.org\/wp-content\/uploads\/2024\/12\/NaviBosco2024-150x150.jpg\" class=\"attachment-thumbnail size-thumbnail wp-post-image\" alt=\"\" style=\"\" srcset=\"https:\/\/barasona.org\/wp-content\/uploads\/2024\/12\/NaviBosco2024-150x150.jpg 150w, https:\/\/barasona.org\/wp-content\/uploads\/2024\/12\/NaviBosco2024-100x100.jpg 100w\" sizes=\"auto, (max-width: 150px) 100vw, 150px\" \/><\/div><a class=\"wp-block-latest-posts__post-title\" href=\"https:\/\/barasona.org\/?p=1616\">NaviBosco 2024<\/a><time datetime=\"2024-12-02T13:41:01+01:00\" class=\"wp-block-latest-posts__post-date\">2 de diciembre de 2024<\/time><div class=\"wp-block-latest-posts__post-excerpt\">Esta Navidad, podemos elegir entre Reyes o Santa. Del 26 al 28 de diciembre nos encontraremos en el Albergue de Benabarre para una convivencia donde las actividades, las sorpresas, visitas&#8230; est\u00e1n garantizadas. En esta ocasi\u00f3n los m\u00e1s peque\u00f1os compartiremos encuentro con los m\u00e1s mayores, (de 1\u00baPrimaria a 1\u00baBachiller) Qu\u00e9 llevar: saco de dormir, s\u00e1bana bajera&#8230; <a class=\"wp-block-latest-posts__read-more\" href=\"https:\/\/barasona.org\/?p=1616\" rel=\"noopener noreferrer\">Lee m\u00e1s<span class=\"screen-reader-text\">: NaviBosco 2024<\/span><\/a><\/div><\/li>\n<\/ul><\/div>\n\n\n\n<div class=\"wp-block-greenshift-blocks-container gspb_container gspb_container-gsbp-c048631\" id=\"gspb_container-id-gsbp-c048631\">\n<div class=\"wp-block-media-text alignfull has-media-on-the-right is-stacked-on-mobile is-vertically-aligned-top is-image-fill-element has-luminous-vivid-orange-color has-text-color has-link-color wp-elements-15bfd668e2450dc1239b4518270b1e19\"><div class=\"wp-block-media-text__content\">\n<div class=\"wp-block-group has-link-color wp-elements-2e70385764d774ab5b47ad73ad5475fa\" style=\"padding-top:2em;padding-right:2em;padding-bottom:2em;padding-left:2em\"><div class=\"wp-block-group__inner-container is-layout-flow wp-block-group-is-layout-flow\">\n<h2 class=\"wp-block-heading has-text-align-center\" id=\"fiesta-de-inauguracion-1\" style=\"font-size:48px;font-weight:700;line-height:1.15\">Toda la informaci\u00f3n<\/h2>\n\n\n\n<p class=\"has-text-align-center has-text-color has-link-color wp-elements-fb3a847424c92859920a4c299f95168d\" style=\"color:#fffdc7\"><strong><a href=\"https:\/\/barasona.org\/?page_id=1636\" data-type=\"link\" data-id=\"https:\/\/barasona.org\/?page_id=1636\">AQU\u00cd &gt;&gt;<\/a><\/strong><\/p>\n<\/div><\/div>\n\n\n\n<div class=\"wp-block-greenshift-blocks-countdown gs-countdownwrap gspb_countdown-id-gsbp-ae1f9a0\"><div class=\"gs-countdown\" data-endtime=\"2026-06-27T21:00:00\"><div class=\"gs-countdown__item_wrap\"><div class=\"gs-countdown__item\"><span class=\"days\">00<\/span><\/div><div class=\"gs-countdown__item_label\">d\u00edas<\/div><\/div><div class=\"gs-countdown__colon\"><div class=\"gs-countdown__colon-item\"><\/div><div class=\"gs-countdown__colon-item\"><\/div><\/div><div class=\"gs-countdown__item_wrap\"><div class=\"gs-countdown__item\"><span class=\"hours\">00<\/span><\/div><div class=\"gs-countdown__item_label\">horas<\/div><\/div><div class=\"gs-countdown__colon\"><div class=\"gs-countdown__colon-item\"><\/div><div class=\"gs-countdown__colon-item\"><\/div><\/div><div class=\"gs-countdown__item_wrap\"><div class=\"gs-countdown__item\"><span class=\"minutes\">00<\/span><\/div><div class=\"gs-countdown__item_label\">minutos<\/div><\/div><div class=\"gs-countdown__colon\"><div class=\"gs-countdown__colon-item\"><\/div><div class=\"gs-countdown__colon-item\"><\/div><\/div><div class=\"gs-countdown__item_wrap\"><div class=\"gs-countdown__item\"><span class=\"seconds\">00<\/span><\/div><div class=\"gs-countdown__item_label\">segundos<\/div><\/div><\/div><\/div>\n<\/div><figure class=\"wp-block-media-text__media\"><a href=\"https:\/\/barasona.org\/?page_id=1675\"><img loading=\"lazy\" decoding=\"async\" width=\"819\" height=\"1024\" src=\"https:\/\/barasona.org\/wp-content\/uploads\/2026\/04\/2026-campamento-819x1024.jpg\" alt=\"\" class=\"wp-image-1676 size-large\" style=\"object-position:50% 50%\" srcset=\"https:\/\/barasona.org\/wp-content\/uploads\/2026\/04\/2026-campamento-819x1024.jpg 819w, https:\/\/barasona.org\/wp-content\/uploads\/2026\/04\/2026-campamento-240x300.jpg 240w, https:\/\/barasona.org\/wp-content\/uploads\/2026\/04\/2026-campamento-768x960.jpg 768w, https:\/\/barasona.org\/wp-content\/uploads\/2026\/04\/2026-campamento.jpg 1080w\" sizes=\"auto, (max-width: 819px) 100vw, 819px\" \/><\/a><\/figure><\/div>\n<\/div>\n\n\n\n<p><\/p>\n","protected":false},"excerpt":{"rendered":"","protected":false},"author":1,"featured_media":15,"parent":0,"menu_order":0,"comment_status":"closed","ping_status":"closed","template":"page-template\/front-page.php","meta":{"_gspb_post_css":"@import url(https:\/\/fonts.googleapis.com\/css?family=Acme);.gspb_counter-id-gsbp-a61242a,.gspb_counter-id-gsbp-a61242a .gs-counterwrap{display:flex;align-items:center}.gspb_counter-id-gsbp-a61242a .gs-counterdiv{display:flex;text-align:center;flex-direction:column;justify-content:center}.gspb_counter-id-gsbp-a61242a,.gspb_counter-id-gsbp-a61242a .gs-counterwrap{justify-content:center}.gspb_counter-id-gsbp-a61242a .gs-counterdiv{align-items:center}.gspb_counter-id-gsbp-a61242a .gs-counter,.gspb_counter-id-gsbp-a61242a .gs-counterlabel{color:var(--wp--preset--color--white, #ffffff)}.gspb_counter-id-gsbp-a61242a .gs-counterdiv{border-radius:5px}.gspb_counter-id-gsbp-a61242a .gs-counter{font-size:80px;line-height:80px;font-weight:400;margin-bottom:5px}.gspb_counter-id-gsbp-a61242a .gs-counterlabel{font-size:16px;line-height:16px}.gspb_counter-id-gsbp-a61242a .gs-counterdiv{min-width:200px;background-color:#d93}.gspb_counter-id-gsbp-d8eae12,.gspb_counter-id-gsbp-d8eae12 .gs-counterwrap{display:flex;align-items:center}.gspb_counter-id-gsbp-d8eae12 .gs-counterdiv{display:flex;text-align:center;flex-direction:column;justify-content:center}.gspb_counter-id-gsbp-d8eae12,.gspb_counter-id-gsbp-d8eae12 .gs-counterwrap{justify-content:center}.gspb_counter-id-gsbp-d8eae12 .gs-counterdiv{align-items:center}.gspb_counter-id-gsbp-d8eae12 .gs-counter{color:#fff}.gspb_counter-id-gsbp-d8eae12 .gs-counterlabel{color:var(--wp--preset--color--white, #ffffff)}.gspb_counter-id-gsbp-d8eae12 .gs-counterdiv{border-radius:5px}.gspb_counter-id-gsbp-d8eae12 .gs-counter{font-size:80px;line-height:80px;font-weight:400;margin-bottom:5px}.gspb_counter-id-gsbp-d8eae12 .gs-counterlabel{font-size:16px;line-height:16px}.gspb_counter-id-gsbp-d8eae12 .gs-counterdiv{min-width:200px;background-color:#d93}.gspb_counter-id-gsbp-43c644b,.gspb_counter-id-gsbp-43c644b .gs-counterwrap{display:flex;align-items:center}.gspb_counter-id-gsbp-43c644b .gs-counterdiv{display:flex;text-align:center;flex-direction:column;justify-content:center}.gspb_counter-id-gsbp-43c644b,.gspb_counter-id-gsbp-43c644b .gs-counterwrap{justify-content:center}.gspb_counter-id-gsbp-43c644b .gs-counterdiv{align-items:center}.gspb_counter-id-gsbp-43c644b .gs-counter,.gspb_counter-id-gsbp-43c644b .gs-counterlabel{color:#fff}.gspb_counter-id-gsbp-43c644b .gs-counterdiv{border-radius:5px}.gspb_counter-id-gsbp-43c644b .gs-counter{font-size:80px;line-height:80px;font-weight:400;margin-bottom:5px}.gspb_counter-id-gsbp-43c644b .gs-counterlabel{font-size:18px;line-height:18px}.gspb_counter-id-gsbp-43c644b .gs-counterdiv{min-width:200px;box-shadow:0 15px 25px 0 rgba(0,0,0,.1);background-color:#d93}.gspb_container-id-gsbp-609fcff,.gspb_container-id-gsbp-c048631{flex-direction:column;box-sizing:border-box}#gspb_container-id-gsbp-609fcff.gspb_container>p:last-of-type,#gspb_container-id-gsbp-c048631.gspb_container>p:last-of-type{margin-bottom:0}#gspb_container-id-gsbp-609fcff.gspb_container,#gspb_container-id-gsbp-c048631.gspb_container{position:relative}.gs-countdownwrap{display:flex;align-items:center;justify-content:center}.gs-countdownwrap .gs-countdown{display:flex;text-align:center}.gs-countdownwrap .gs-countdown__item{margin:0 .5rem;padding:5px 15px;display:flex;justify-content:center;font-family:Helvetica,sans-serif;align-items:center}.gs-countdownwrap .gs-countdown__colon{display:flex;flex-direction:column;justify-content:space-evenly}.gs-countdownwrap .gs-countdown__colon-item{border-radius:50%}.gspb_countdown-id-gsbp-ae1f9a0.gs-countdownwrap .gs-countdown__item{font-size:20px;line-height:20px;color:#fff}@media (max-width:575.98px){.gspb_countdown-id-gsbp-ae1f9a0.gs-countdownwrap .gs-countdown__item{font-size:30px;line-height:30px}}.gspb_countdown-id-gsbp-ae1f9a0.gs-countdownwrap .gs-countdown__item_label{font-size:16px;color:#111}@media (max-width:575.98px){.gspb_countdown-id-gsbp-ae1f9a0.gs-countdownwrap .gs-countdown__item_label{font-size:14px}}.gspb_countdown-id-gsbp-ae1f9a0.gs-countdownwrap .gs-countdown__item{border-radius:9px}.gspb_countdown-id-gsbp-ae1f9a0.gs-countdownwrap .gs-countdown__colon{padding-bottom:5px}@media (max-width:575.98px){.gspb_countdown-id-gsbp-ae1f9a0.gs-countdownwrap .gs-countdown__colon{padding-bottom:7.5px}}.gspb_countdown-id-gsbp-ae1f9a0.gs-countdownwrap .gs-countdown__colon-item{width:4px;height:4px;background-color:#fc7300}@media (max-width:575.98px){.gspb_countdown-id-gsbp-ae1f9a0.gs-countdownwrap .gs-countdown__colon-item{width:6px;height:6px}}.gspb_countdown-id-gsbp-ae1f9a0.gs-countdownwrap .gs-countdown__item{background-image:linear-gradient(135deg,#fcb900 0,#ff6900 100%)}.gspb_countdown-id-gsbp-ae1f9a0.gs-countdownwrap .gs-countdown__item_label{font-weight:400;font-family:Acme,sans-serif}","footnotes":""},"class_list":["post-1510","page","type-page","status-publish","has-post-thumbnail","hentry"],"_links":{"self":[{"href":"https:\/\/barasona.org\/index.php?rest_route=\/wp\/v2\/pages\/1510","targetHints":{"allow":["GET"]}}],"collection":[{"href":"https:\/\/barasona.org\/index.php?rest_route=\/wp\/v2\/pages"}],"about":[{"href":"https:\/\/barasona.org\/index.php?rest_route=\/wp\/v2\/types\/page"}],"author":[{"embeddable":true,"href":"https:\/\/barasona.org\/index.php?rest_route=\/wp\/v2\/users\/1"}],"replies":[{"embeddable":true,"href":"https:\/\/barasona.org\/index.php?rest_route=%2Fwp%2Fv2%2Fcomments&post=1510"}],"version-history":[{"count":24,"href":"https:\/\/barasona.org\/index.php?rest_route=\/wp\/v2\/pages\/1510\/revisions"}],"predecessor-version":[{"id":1679,"href":"https:\/\/barasona.org\/index.php?rest_route=\/wp\/v2\/pages\/1510\/revisions\/1679"}],"wp:featuredmedia":[{"embeddable":true,"href":"https:\/\/barasona.org\/index.php?rest_route=\/wp\/v2\/media\/15"}],"wp:attachment":[{"href":"https:\/\/barasona.org\/index.php?rest_route=%2Fwp%2Fv2%2Fmedia&parent=1510"}],"curies":[{"name":"wp","href":"https:\/\/api.w.org\/{rel}","templated":true}]}}